{"id":96,"date":"2013-06-07T11:37:23","date_gmt":"2013-06-07T09:37:23","guid":{"rendered":"http:\/\/demo.woothemes.com\/woocommerce\/?post_type=product&#038;p=96"},"modified":"2021-12-01T15:20:28","modified_gmt":"2021-12-01T15:20:28","slug":"arraw","status":"publish","type":"product","link":"https:\/\/biosene.net\/index.php\/produit\/arraw\/","title":{"rendered":"Arraw 450g"},"content":{"rendered":"<p>Le Arraw est un d\u00e9licieux dessert Ouest Africain. Il est fait \u00e0 base de mil. C\u2019est une pate alimentaire courte obtenue \u00e0 partir de la farine de mil m\u00e9lang\u00e9e \u00e0 l\u2019eau. Le arraw existe en trois tailles de granulom\u00e9tries diff\u00e9rentes.<\/p>\n","protected":false},"excerpt":{"rendered":"<p>Le Arraw est un d\u00e9licieux dessert Ouest Africain. Il est fait \u00e0 base de mil. C\u2019est une pate alimentaire courte obtenue \u00e0 partir de la farine<span class=\"excerpt-hellip\"> [\u2026]<\/span><\/p>\n","protected":false},"featured_media":398,"template":"","meta":[],"_links":{"self":[{"href":"https:\/\/biosene.net\/index.php\/wp-json\/wp\/v2\/product\/96"}],"collection":[{"href":"https:\/\/biosene.net\/index.php\/wp-json\/wp\/v2\/product"}],"about":[{"href":"https:\/\/biosene.net\/index.php\/wp-json\/wp\/v2\/types\/product"}],"wp:featuredmedia":[{"embeddable":true,"href":"https:\/\/biosene.net\/index.php\/wp-json\/wp\/v2\/media\/398"}],"wp:attachment":[{"href":"https:\/\/biosene.net\/index.php\/wp-json\/wp\/v2\/media?parent=96"}],"curies":[{"name":"wp","href":"https:\/\/api.w.org\/{rel}","templated":true}]}}