{"id":93,"date":"2013-06-07T11:36:34","date_gmt":"2013-06-07T11:36:34","guid":{"rendered":"http:\/\/demo.woothemes.com\/woocommerce\/?post_type=product&#038;p=93"},"modified":"2021-12-01T15:23:31","modified_gmt":"2021-12-01T15:23:31","slug":"aliquam-tempus","status":"publish","type":"product","link":"https:\/\/biosene.net\/index.php\/produit\/aliquam-tempus\/","title":{"rendered":"Sankhal"},"content":{"rendered":"<p>Le Sankhal est une semoule, form\u00e9e \u00e0 partir de grains de mil, concass\u00e9s et calibr\u00e9s, largement consomm\u00e9 et appr\u00e9ci\u00e9 dans tous les pays du Sahel. Produit naturel et sans additif, il est facile \u00e0 pr\u00e9parer. Il se d\u00e9guste sous forme de lakh<br \/>\n(bouillie en pate) accompagn\u00e9 de lait caill\u00e9. Pour les adeptes de plats sal\u00e9s et \u00e9pic\u00e9s, le ngar ou le lakhou bissap \u00e9veilleront vos papilles gustatives. Un repas tr\u00e8s nutritif pour les enfants.<\/p>\n","protected":false},"excerpt":{"rendered":"<p>Le Sankhal est une semoule, form\u00e9e \u00e0 partir de grains de mil, concass\u00e9s et calibr\u00e9s, largement consomm\u00e9 et appr\u00e9ci\u00e9 dans tous les pays du Sahel. Produit<span class=\"excerpt-hellip\"> [\u2026]<\/span><\/p>\n","protected":false},"featured_media":397,"template":"","meta":[],"_links":{"self":[{"href":"https:\/\/biosene.net\/index.php\/wp-json\/wp\/v2\/product\/93"}],"collection":[{"href":"https:\/\/biosene.net\/index.php\/wp-json\/wp\/v2\/product"}],"about":[{"href":"https:\/\/biosene.net\/index.php\/wp-json\/wp\/v2\/types\/product"}],"wp:featuredmedia":[{"embeddable":true,"href":"https:\/\/biosene.net\/index.php\/wp-json\/wp\/v2\/media\/397"}],"wp:attachment":[{"href":"https:\/\/biosene.net\/index.php\/wp-json\/wp\/v2\/media?parent=93"}],"curies":[{"name":"wp","href":"https:\/\/api.w.org\/{rel}","templated":true}]}}