{"id":83,"date":"2013-06-07T11:33:05","date_gmt":"2013-06-07T11:33:05","guid":{"rendered":"http:\/\/demo.woothemes.com\/woocommerce\/?post_type=product&#038;p=83"},"modified":"2021-12-01T15:29:35","modified_gmt":"2021-12-01T15:29:35","slug":"vestibulum-quis","status":"publish","type":"product","link":"https:\/\/biosene.net\/index.php\/produit\/vestibulum-quis\/","title":{"rendered":"Farine de ni\u00e9b\u00e9 500g"},"content":{"rendered":"<p>La poudre de Ni\u00e9b\u00e9 sert pour la pr\u00e9paration de beignet appel\u00e9 Accara tr\u00e8s pris\u00e9 en Afrique.<\/p>\n","protected":false},"excerpt":{"rendered":"<p>La poudre de Ni\u00e9b\u00e9 sert pour la pr\u00e9paration de beignet appel\u00e9 Accara tr\u00e8s pris\u00e9 en Afrique.<\/p>\n","protected":false},"featured_media":403,"template":"","meta":[],"_links":{"self":[{"href":"https:\/\/biosene.net\/index.php\/wp-json\/wp\/v2\/product\/83"}],"collection":[{"href":"https:\/\/biosene.net\/index.php\/wp-json\/wp\/v2\/product"}],"about":[{"href":"https:\/\/biosene.net\/index.php\/wp-json\/wp\/v2\/types\/product"}],"wp:featuredmedia":[{"embeddable":true,"href":"https:\/\/biosene.net\/index.php\/wp-json\/wp\/v2\/media\/403"}],"wp:attachment":[{"href":"https:\/\/biosene.net\/index.php\/wp-json\/wp\/v2\/media?parent=83"}],"curies":[{"name":"wp","href":"https:\/\/api.w.org\/{rel}","templated":true}]}}