{"id":258,"date":"2021-04-16T16:28:50","date_gmt":"2021-04-16T14:28:50","guid":{"rendered":"https:\/\/update.biosene.net\/?post_type=product&#038;p=258"},"modified":"2021-06-14T12:01:47","modified_gmt":"2021-06-14T12:01:47","slug":"karite-pur","status":"publish","type":"product","link":"https:\/\/biosene.net\/index.php\/produit\/karite-pur\/","title":{"rendered":"Karit\u00e9 pur"},"content":{"rendered":"<p>V\u00e9ritable douceur au quotidien gr\u00e2ce \u00e0 ses effets hydratants, nourrissants et calmants sur votre peau.<\/p>\n","protected":false},"excerpt":{"rendered":"<p>V\u00e9ritable douceur au quotidien gr\u00e2ce \u00e0 ses effets hydratants, nourrissants et calmants sur votre peau.<\/p>\n","protected":false},"featured_media":392,"template":"","meta":[],"_links":{"self":[{"href":"https:\/\/biosene.net\/index.php\/wp-json\/wp\/v2\/product\/258"}],"collection":[{"href":"https:\/\/biosene.net\/index.php\/wp-json\/wp\/v2\/product"}],"about":[{"href":"https:\/\/biosene.net\/index.php\/wp-json\/wp\/v2\/types\/product"}],"wp:featuredmedia":[{"embeddable":true,"href":"https:\/\/biosene.net\/index.php\/wp-json\/wp\/v2\/media\/392"}],"wp:attachment":[{"href":"https:\/\/biosene.net\/index.php\/wp-json\/wp\/v2\/media?parent=258"}],"curies":[{"name":"wp","href":"https:\/\/api.w.org\/{rel}","templated":true}]}}