{"id":239,"date":"2021-04-16T15:38:18","date_gmt":"2021-04-16T13:38:18","guid":{"rendered":"https:\/\/update.biosene.net\/?post_type=product&#038;p=239"},"modified":"2021-12-01T16:13:39","modified_gmt":"2021-12-01T16:13:39","slug":"lalo","status":"publish","type":"product","link":"https:\/\/biosene.net\/index.php\/produit\/lalo\/","title":{"rendered":"Lalo 50g"},"content":{"rendered":"<p>Issu du baobab, cette poudre est utilis\u00e9e comme liant pour le couscous de mil\u00a0\u00ab\u00a0thiere\u00a0\u00bb tr\u00e8s pris\u00e9 dans la sous-r\u00e9gion.<\/p>\n","protected":false},"excerpt":{"rendered":"<p>Issu du baobab, cette poudre est utilis\u00e9e comme liant pour le couscous de mil\u00a0\u00ab\u00a0thiere\u00a0\u00bb tr\u00e8s pris\u00e9 dans la sous-r\u00e9gion.<\/p>\n","protected":false},"featured_media":393,"template":"","meta":[],"_links":{"self":[{"href":"https:\/\/biosene.net\/index.php\/wp-json\/wp\/v2\/product\/239"}],"collection":[{"href":"https:\/\/biosene.net\/index.php\/wp-json\/wp\/v2\/product"}],"about":[{"href":"https:\/\/biosene.net\/index.php\/wp-json\/wp\/v2\/types\/product"}],"wp:featuredmedia":[{"embeddable":true,"href":"https:\/\/biosene.net\/index.php\/wp-json\/wp\/v2\/media\/393"}],"wp:attachment":[{"href":"https:\/\/biosene.net\/index.php\/wp-json\/wp\/v2\/media?parent=239"}],"curies":[{"name":"wp","href":"https:\/\/api.w.org\/{rel}","templated":true}]}}