{"id":232,"date":"2021-04-16T15:31:51","date_gmt":"2021-04-16T15:31:51","guid":{"rendered":"https:\/\/update.biosene.net\/?post_type=product&#038;p=232"},"modified":"2021-08-30T19:57:22","modified_gmt":"2021-08-30T19:57:22","slug":"maad-caramelise","status":"publish","type":"product","link":"https:\/\/biosene.net\/index.php\/produit\/maad-caramelise\/","title":{"rendered":"Maad caram\u00e9lis\u00e9"},"content":{"rendered":"<p>Son fruit est une coque globuleuse qui contient des graines enrob\u00e9es de pulpes jaunes tr\u00e8s moelleuses et juteuses. Elles sont acidul\u00e9es et sucr\u00e9es.On peut d\u00e9guster le fruit tel quel ou l\u2019assaisonner avec du sucre, du sel et du piment.<\/p>\n","protected":false},"excerpt":{"rendered":"<p>Son fruit est une coque globuleuse qui contient des graines enrob\u00e9es de pulpes jaunes tr\u00e8s moelleuses et juteuses. Elles sont acidul\u00e9es et sucr\u00e9es.On peut d\u00e9guster le<span class=\"excerpt-hellip\"> [\u2026]<\/span><\/p>\n","protected":false},"featured_media":406,"template":"","meta":[],"_links":{"self":[{"href":"https:\/\/biosene.net\/index.php\/wp-json\/wp\/v2\/product\/232"}],"collection":[{"href":"https:\/\/biosene.net\/index.php\/wp-json\/wp\/v2\/product"}],"about":[{"href":"https:\/\/biosene.net\/index.php\/wp-json\/wp\/v2\/types\/product"}],"wp:featuredmedia":[{"embeddable":true,"href":"https:\/\/biosene.net\/index.php\/wp-json\/wp\/v2\/media\/406"}],"wp:attachment":[{"href":"https:\/\/biosene.net\/index.php\/wp-json\/wp\/v2\/media?parent=232"}],"curies":[{"name":"wp","href":"https:\/\/api.w.org\/{rel}","templated":true}]}}